{"id":862,"date":"2022-01-06T21:41:05","date_gmt":"2022-01-06T20:41:05","guid":{"rendered":"http:\/\/c-farms.eu\/?page_id=862"},"modified":"2022-04-20T15:38:16","modified_gmt":"2022-04-20T13:38:16","slug":"project-focus","status":"publish","type":"page","link":"https:\/\/c-farms.eu\/it\/project-focus\/","title":{"rendered":"Il progetto"},"content":{"rendered":"<div data-elementor-type=\"wp-page\" data-elementor-id=\"862\" class=\"elementor elementor-862\">\n\t\t\t\t\t\t<section class=\"elementor-section elementor-top-section elementor-element elementor-element-57d641a elementor-section-height-min-height elementor-section-boxed elementor-section-height-default elementor-section-items-middle\" data-id=\"57d641a\" data-element_type=\"section\" id=\"ProjectFocus\" data-settings=\"{&quot;background_background&quot;:&quot;classic&quot;}\">\n\t\t\t\t\t\t<div class=\"elementor-container elementor-column-gap-default\">\n\t\t\t\t\t<div class=\"elementor-column elementor-col-100 elementor-top-column elementor-element elementor-element-da38feb\" data-id=\"da38feb\" data-element_type=\"column\">\n\t\t\t<div class=\"elementor-widget-wrap elementor-element-populated\">\n\t\t\t\t\t\t<div class=\"elementor-element elementor-element-d85636a elementor-invisible elementor-widget elementor-widget-heading\" data-id=\"d85636a\" data-element_type=\"widget\" data-settings=\"{&quot;_animation&quot;:&quot;fadeInDown&quot;}\" data-widget_type=\"heading.default\">\n\t\t\t\t<div class=\"elementor-widget-container\">\n\t\t\t\t\t<h1 class=\"elementor-heading-title elementor-size-xxl\"><a href=\"http:\/\/c-farms.eu\/it\/news-download\/\" target=\"_blank\">Il progetto<\/a><\/h1>\t\t\t\t<\/div>\n\t\t\t\t<\/div>\n\t\t\t\t\t<\/div>\n\t\t<\/div>\n\t\t\t\t\t<\/div>\n\t\t<\/section>\n\t\t\t\t<section class=\"elementor-section elementor-top-section elementor-element elementor-element-dbc5ebd elementor-section-height-min-height elementor-section-content-middle elementor-section-boxed elementor-section-height-default elementor-section-items-middle\" data-id=\"dbc5ebd\" data-element_type=\"section\">\n\t\t\t\t\t\t<div class=\"elementor-container elementor-column-gap-default\">\n\t\t\t\t\t<div class=\"elementor-column elementor-col-100 elementor-top-column elementor-element elementor-element-234da51\" data-id=\"234da51\" data-element_type=\"column\">\n\t\t\t<div class=\"elementor-widget-wrap elementor-element-populated\">\n\t\t\t\t\t\t<div class=\"elementor-element elementor-element-4d3ea33 animated-fast elementor-invisible elementor-widget elementor-widget-text-editor\" data-id=\"4d3ea33\" data-element_type=\"widget\" data-settings=\"{&quot;_animation&quot;:&quot;fadeInUp&quot;}\" data-widget_type=\"text-editor.default\">\n\t\t\t\t<div class=\"elementor-widget-container\">\n\t\t\t\t\t\t\t\t\t<p>Promuovere le pratiche di Carbon Farming attraverso un incremento delle conoscenze del sistema di supporto a sostegno dello sviluppo di un quadro normativo per la certificazione degli assorbimenti di carbonio (o delle non emissioni di carbonio) basato su uno schema di contabilit\u00e0 del carbonio robusto e trasparente in relazione all'inventario nazionale dei gas a effetto serra (GHG).<\/p>\t\t\t\t\t\t\t\t<\/div>\n\t\t\t\t<\/div>\n\t\t\t\t\t<\/div>\n\t\t<\/div>\n\t\t\t\t\t<\/div>\n\t\t<\/section>\n\t\t\t\t<section class=\"elementor-section elementor-top-section elementor-element elementor-element-4b72a5e elementor-section-content-top elementor-section-height-min-height elementor-section-boxed elementor-section-height-default elementor-section-items-middle\" data-id=\"4b72a5e\" data-element_type=\"section\">\n\t\t\t\t\t\t<div class=\"elementor-container elementor-column-gap-default\">\n\t\t\t\t\t<div class=\"elementor-column elementor-col-100 elementor-top-column elementor-element elementor-element-f692ccf\" data-id=\"f692ccf\" data-element_type=\"column\">\n\t\t\t<div class=\"elementor-widget-wrap elementor-element-populated\">\n\t\t\t\t\t\t<div class=\"elementor-element elementor-element-26b9f53 animated-fast elementor-invisible elementor-widget elementor-widget-text-editor\" data-id=\"26b9f53\" data-element_type=\"widget\" data-settings=\"{&quot;_animation&quot;:&quot;fadeInUp&quot;}\" data-widget_type=\"text-editor.default\">\n\t\t\t\t<div class=\"elementor-widget-container\">\n\t\t\t\t\t\t\t\t\t<p class=\"translation-block\"><strong>LIFE C-FARMS: <\/strong>\n\nIl focus del progetto \u00e8 l'implementazione delle pratiche di Carbon Farming attraverso un miglioramento delle conoscenze per sviluppare unquadro normativo volto alla certificazione degli assorbimenti di carbonio basato su uno schema di contabilit\u00e0 del carbonio scientificamente solidoe trasparente in relazione all'inventario nazionale dei gas serra (GHG).<\/p><p class=\"translation-block\"><strong> L'agricoltura e la gestione territoriale: <\/strong> L'agricoltura e la pianificazione territoriale sono settori fondamentali per raggiungere la carbon neutrality, obiettivo a lungo termine stabilito dall'accordo di Parigi. Per soddisfare questo obiettivo, lo sviluppo di Nature Based Solution che riducano e assorbano le emissioni di CO2 \u00e8 fondamentale.<\/p><p class=\"translation-block\"><strong> Il Piano d'azione per l'economia circolare (CEAP \u2013 COM\/2020\/98 final), <\/strong> nonch\u00e9 la strategia <strong> Farm to Fork <\/strong>  (COM\/2020\/381 final) hanno individuato <strong> come prerequisito per l'attivazione di un quadro normativo che incentivi le pratiche di carbon farming lo sviluppo di un sistema di certificazione. <\/strong><\/p>\t\t\t\t\t\t\t\t<\/div>\n\t\t\t\t<\/div>\n\t\t\t\t\t<\/div>\n\t\t<\/div>\n\t\t\t\t\t<\/div>\n\t\t<\/section>\n\t\t\t\t<section class=\"elementor-section elementor-top-section elementor-element elementor-element-b87ad53 elementor-section-height-min-height elementor-section-boxed elementor-section-height-default elementor-section-items-middle\" data-id=\"b87ad53\" data-element_type=\"section\" id=\"PilotProject\" data-settings=\"{&quot;background_background&quot;:&quot;classic&quot;}\">\n\t\t\t\t\t\t<div class=\"elementor-container elementor-column-gap-extended\">\n\t\t\t\t\t<div class=\"elementor-column elementor-col-100 elementor-top-column elementor-element elementor-element-7925ec7\" data-id=\"7925ec7\" data-element_type=\"column\">\n\t\t\t<div class=\"elementor-widget-wrap elementor-element-populated\">\n\t\t\t\t\t\t<div class=\"elementor-element elementor-element-6985c55 animated-fast elementor-invisible elementor-widget elementor-widget-heading\" data-id=\"6985c55\" data-element_type=\"widget\" data-settings=\"{&quot;_animation&quot;:&quot;fadeInDown&quot;}\" data-widget_type=\"heading.default\">\n\t\t\t\t<div class=\"elementor-widget-container\">\n\t\t\t\t\t<h1 class=\"elementor-heading-title elementor-size-xxl\">progetto pilota<\/h1>\t\t\t\t<\/div>\n\t\t\t\t<\/div>\n\t\t\t\t\t<\/div>\n\t\t<\/div>\n\t\t\t\t\t<\/div>\n\t\t<\/section>\n\t\t\t\t<section class=\"elementor-section elementor-top-section elementor-element elementor-element-f4ab436 elementor-section-content-middle elementor-section-height-min-height elementor-section-boxed elementor-section-height-default elementor-section-items-middle\" data-id=\"f4ab436\" data-element_type=\"section\">\n\t\t\t\t\t\t<div class=\"elementor-container elementor-column-gap-default\">\n\t\t\t\t\t<div class=\"elementor-column elementor-col-100 elementor-top-column elementor-element elementor-element-101e7d9\" data-id=\"101e7d9\" data-element_type=\"column\">\n\t\t\t<div class=\"elementor-widget-wrap elementor-element-populated\">\n\t\t\t\t\t\t<div class=\"elementor-element elementor-element-e9db5e1 animated-fast elementor-invisible elementor-widget elementor-widget-text-editor\" data-id=\"e9db5e1\" data-element_type=\"widget\" data-settings=\"{&quot;_animation&quot;:&quot;fadeInUp&quot;}\" data-widget_type=\"text-editor.default\">\n\t\t\t\t<div class=\"elementor-widget-container\">\n\t\t\t\t\t\t\t\t\t<p><strong>Contesto del progetto pilota<\/strong><\/p><p class=\"translation-block\">In questo contesto la <strong> Regione Lombardia <\/strong>  pu\u00f2 rappresentare un interessante banco di prova per un progetto pilota di certificazione del carbon farming. La Lombardia \u00e8 al primo posto per la produzione agricola in Italia, anche grazie all'abbondanza di suoli fertili e per la notevole disponibilit\u00e0 di acqua irrigua nella pianura padana. L\u2019agricoltura lombarda \u00e8 ai vertici delle regioni italiane nella produzione di mais, segale, orzo, frumento, riso e, soprattutto grazie ai prati e ai pascoli, di foraggio per il bestiame.<\/p><p><span style=\"font-weight: bolder;\">Iniziative del Programma di Sviluppo Rurale<\/span><\/p><p>Il <strong>Iniziative del Programma di Sviluppo Rurale<\/strong> per stimolare la riduzione delle emissioni non mancano, sia a livello aziendale (es. \u201cAzione regionale volta alla riduzione delle emissioni prodotte dalle attivit\u00e0 agricole\u201d) sia attraverso le filiere (es. \u201cAccordo di Venezia per lo sviluppo della filiera pioppicola\u201d). Nella UE, uno dei principali meccanismi per promuovere un'agricoltura pi\u00f9 rispettosa dell'ambiente \u00e8 stato introdotto dalla riforma della PAC nel 2003, attraverso la cosiddetta condizionalit\u00e0.<\/p><p><strong>Imprese della filiera bosco-legno<\/strong><\/p><p><strong>C-FARMs<\/strong> mira a coinvolgere le imprese della filiera bosco-legno nel sistema di certificazione con l'obiettivo di incentivare l'uso del legno locale con l'obiettivo di creare un incremento della domanda in grado di stimolare la piantagione di nuove aree, con un beneficio complessivo di carbonio e ambientale.<\/p>\t\t\t\t\t\t\t\t<\/div>\n\t\t\t\t<\/div>\n\t\t\t\t\t<\/div>\n\t\t<\/div>\n\t\t\t\t\t<\/div>\n\t\t<\/section>\n\t\t\t\t<\/div>","protected":false},"excerpt":{"rendered":"<p>Project Focus Enabling Carbon Farming through an improved knowledge system supporting the development of a regulatory framework for certification of Carbon removals (or Carbon non-emissions) based on a robust and transparent carbon accounting scheme in connection with the national GHG inventory. LIFE C-FARMS project focus is linked to enabling Carbon Farming practises through an improved [&hellip;]<\/p>\n","protected":false},"author":1,"featured_media":2182,"parent":0,"menu_order":1,"comment_status":"closed","ping_status":"closed","template":"elementor_header_footer","meta":{"om_disable_all_campaigns":false,"footnotes":""},"_links":{"self":[{"href":"https:\/\/c-farms.eu\/it\/wp-json\/wp\/v2\/pages\/862"}],"collection":[{"href":"https:\/\/c-farms.eu\/it\/wp-json\/wp\/v2\/pages"}],"about":[{"href":"https:\/\/c-farms.eu\/it\/wp-json\/wp\/v2\/types\/page"}],"author":[{"embeddable":true,"href":"https:\/\/c-farms.eu\/it\/wp-json\/wp\/v2\/users\/1"}],"replies":[{"embeddable":true,"href":"https:\/\/c-farms.eu\/it\/wp-json\/wp\/v2\/comments?post=862"}],"version-history":[{"count":221,"href":"https:\/\/c-farms.eu\/it\/wp-json\/wp\/v2\/pages\/862\/revisions"}],"predecessor-version":[{"id":4741,"href":"https:\/\/c-farms.eu\/it\/wp-json\/wp\/v2\/pages\/862\/revisions\/4741"}],"wp:featuredmedia":[{"embeddable":true,"href":"https:\/\/c-farms.eu\/it\/wp-json\/wp\/v2\/media\/2182"}],"wp:attachment":[{"href":"https:\/\/c-farms.eu\/it\/wp-json\/wp\/v2\/media?parent=862"}],"curies":[{"name":"wp","href":"https:\/\/api.w.org\/{rel}","templated":true}]}}